{"id":26,"date":"2023-03-30T20:41:38","date_gmt":"2023-03-30T20:41:38","guid":{"rendered":"https:\/\/yousefi-interkulturell.de\/?page_id=26"},"modified":"2024-12-23T22:57:43","modified_gmt":"2024-12-23T21:57:43","slug":"vita","status":"publish","type":"page","link":"https:\/\/www.yousefi-interkulturell.de\/?page_id=26","title":{"rendered":"Curriculum Vitae"},"content":{"rendered":"\n<div class=\"wp-block-group has-theme-palette-9-background-color has-background\" style=\"padding-top:0;padding-right:0;padding-bottom:0;padding-left:0\"><div class=\"wp-block-group__inner-container is-layout-constrained wp-container-core-group-is-layout-82686151 wp-block-group-is-layout-constrained\">\n<div class=\"wp-block-columns is-layout-flex wp-container-core-columns-is-layout-9d6595d7 wp-block-columns-is-layout-flex\">\n<div class=\"wp-block-column is-layout-flow wp-block-column-is-layout-flow\" style=\"flex-basis:100%\">\n<blockquote class=\"wp-block-quote is-layout-flow wp-block-quote-is-layout-flow\">\n<p><strong>1967<\/strong><br>in Teheran\/Iran geboren<\/p>\n<\/blockquote>\n\n\n\n<blockquote class=\"wp-block-quote is-layout-flow wp-block-quote-is-layout-flow\">\n<p><strong>1996-2002<\/strong> <br>Mitarbeit im Rahmen einer selbstgef\u00fchrten Balintgruppe mit der Neurologin und<br>Psychotherapeutin Dr. med. Ulrike Waldmann-Fischer in Mainz<\/p>\n<\/blockquote>\n\n\n\n<blockquote class=\"wp-block-quote is-layout-flow wp-block-quote-is-layout-flow\">\n<p><strong>1997<\/strong> <br>Beginn eines Philosophie- und P\u00e4dagogikstudiums an der Universit\u00e4t Trier<\/p>\n<\/blockquote>\n\n\n\n<blockquote class=\"wp-block-quote is-layout-flow wp-block-quote-is-layout-flow\">\n<p><strong>1998-2001<\/strong><br>Psychologiestudium in Trier<\/p>\n<\/blockquote>\n\n\n\n<blockquote class=\"wp-block-quote is-layout-flow wp-block-quote-is-layout-flow\">\n<p><strong>1998-2002<\/strong><br> DaF-Studium (Deutsch als Fremdsprache) in Trier<\/p>\n<\/blockquote>\n\n\n\n<blockquote class=\"wp-block-quote is-layout-flow wp-block-quote-is-layout-flow\">\n<p><strong>2001<\/strong> Erlangen des Magister Artium. Stipendium nach dem Landesgraduiertenf\u00f6rderungsgesetz Rheinland-Pfalz f\u00fcr die<br>Anfertigung der Dissertationsschrift &#8218;Der Toleranzbegriff im Denken Gustav Menschings. Eine<br>interkulturelle philosophische Orientierung&#8216;<\/p>\n<\/blockquote>\n\n\n\n<blockquote class=\"wp-block-quote is-layout-flow wp-block-quote-is-layout-flow\">\n<p><strong>2004 <br><\/strong>Promotion<\/p>\n<\/blockquote>\n\n\n\n<blockquote class=\"wp-block-quote is-layout-flow wp-block-quote-is-layout-flow\">\n<p id=\"block-5c18a78e-085e-4587-85f1-fab1ad325f83\"><strong>2005<br><\/strong>Postdoktorandenstipendium der Fritz Thyssen Stiftung zur Ausarbeitung<br>des Werkes &#8218;Kommunikation der Kulturen&#8216;<\/p>\n<\/blockquote>\n\n\n\n<blockquote class=\"wp-block-quote is-layout-flow wp-block-quote-is-layout-flow\">\n<p id=\"block-7df761d6-d44f-480d-b94e-d9ec4796a063\"><strong>seit 2006<br><\/strong>Gr\u00fcndung der Philosophischen Lebenspraxis<\/p>\n<\/blockquote>\n\n\n\n<blockquote class=\"wp-block-quote is-layout-flow wp-block-quote-is-layout-flow\">\n<p><strong>2006-2017<\/strong><br>Lehrbeauftragter f\u00fcr Philosophie, Geschichte der Philosophie<br>und interkulturelle Philosophie an der Universit\u00e4t Koblenz<\/p>\n<\/blockquote>\n\n\n\n<blockquote class=\"wp-block-quote is-layout-flow wp-block-quote-is-layout-flow\">\n<p><strong>2010-2017<\/strong><br>Privatdozent f\u00fcr interkulturelle Philosophie und Geschichte der Philosophie an der<br>Universit\u00e4t Koblenz-Landau: Campus Koblenz<\/p>\n<\/blockquote>\n\n\n\n<blockquote class=\"wp-block-quote is-layout-flow wp-block-quote-is-layout-flow\">\n<p><strong>M\u00e4rz-Mai 2010<\/strong><br>Selbsterfahrung in der Kinder- und Jugendpsychiatrischen Praxis von Dr. med.<br>Paul Runge in Trier<\/p>\n<\/blockquote>\n\n\n\n<blockquote class=\"wp-block-quote is-layout-flow wp-block-quote-is-layout-flow\">\n<p><strong>seit 2011<\/strong><br>Gr\u00fcndungspr\u00e4sident des Instituts zur F\u00f6rderung der Interkulturalit\u00e4t<\/p>\n<\/blockquote>\n\n\n\n<blockquote class=\"wp-block-quote is-layout-flow wp-block-quote-is-layout-flow\">\n<p><strong>2015-2017<\/strong><br>Studiengemeinschaft Darmstadt: Fernlehrgang Psychotherapie HP<\/p>\n<\/blockquote>\n\n\n\n<blockquote class=\"wp-block-quote is-layout-flow wp-block-quote-is-layout-flow\">\n<p><strong>2016<\/strong><br>Zuerkennung des Preises der Omnis-Religio-Stiftung zur Ausarbeitung<br>der Studie &#8222;Wiederbelebung der Ur-Sehnsucht als ein Therapiemodell der Sucht&#8220;<\/p>\n<\/blockquote>\n\n\n\n<blockquote class=\"wp-block-quote is-layout-flow wp-block-quote-is-layout-flow\">\n<p><strong>2017<\/strong><br>Gr\u00fcndung der Internationalen Zeitschrift &#8218;Jahrbuch des Denkens&#8216;<\/p>\n<\/blockquote>\n\n\n\n<blockquote class=\"wp-block-quote is-layout-flow wp-block-quote-is-layout-flow\">\n<p><strong>seit 2017<\/strong><br>ordentlicher Professor f\u00fcr Interkulturelle Philosophie und Dialog der Religionen. Lehrbeauftragter der Universit\u00e4t Potsdam<\/p>\n<\/blockquote>\n\n\n\n<blockquote class=\"wp-block-quote is-layout-flow wp-block-quote-is-layout-flow\">\n<p><strong>2014 bis 2017<\/strong><br>Schriftleitung der Zeitschrift &#8222;Spektrum Iran&#8220;<\/p>\n<\/blockquote>\n\n\n\n<blockquote class=\"wp-block-quote is-layout-flow wp-block-quote-is-layout-flow\">\n<p><strong>2018<\/strong><br>Zusatzzertifikat \u201eDeutsch als Zweit- und Fremdsprache\u201c an der Universit\u00e4t Trier. Erlangung der Erlaubnis zur Aus\u00fcbung des Psychologischen Psychotherapeuten mit Schwerpunkt Sucht<\/p>\n<\/blockquote>\n\n\n\n<blockquote class=\"wp-block-quote is-layout-flow wp-block-quote-is-layout-flow\">\n<p><strong>2020<\/strong><br>Verleihung der Ehrendoktorw\u00fcrde f\u00fcr Psychologie. Gr\u00fcndung der Internationalen Zeitschrift f\u00fcr PsychoPraxis. <\/p>\n<\/blockquote>\n\n\n\n<blockquote class=\"wp-block-quote is-layout-flow wp-block-quote-is-layout-flow\">\n<p><strong>2020-2021 <\/strong><br>Erlangung des Zertifikats der Deutschen Krebsgesellschaft f\u00fcr Psychoonkologie<\/p>\n<\/blockquote>\n\n\n\n<blockquote class=\"wp-block-quote is-layout-flow wp-block-quote-is-layout-flow\">\n<p><strong>2021-2024 <\/strong><br>Dreij\u00e4hrige Weiterbildung zur Systemischen Beratung und Therapie<\/p>\n<\/blockquote>\n\n\n\n<blockquote class=\"wp-block-quote is-layout-flow wp-block-quote-is-layout-flow\">\n<p><strong>2023-2024 <\/strong><br>Systemische Psychotraumatologie<\/p>\n<\/blockquote>\n\n\n\n<blockquote class=\"wp-block-quote is-layout-flow wp-block-quote-is-layout-flow\">\n<p><strong>2024 <\/strong><br>Entstehung der Systemischen Praxis<\/p>\n<\/blockquote>\n<\/div>\n<\/div>\n<\/div><\/div>\n","protected":false},"excerpt":{"rendered":"<p>1967in Teheran\/Iran geboren 1996-2002 Mitarbeit im Rahmen einer selbstgef\u00fchrten Balintgruppe mit der Neurologin undPsychotherapeutin Dr. med. Ulrike Waldmann-Fischer in Mainz 1997 Beginn eines Philosophie- und P\u00e4dagogikstudiums an der Universit\u00e4t Trier 1998-2001Psychologiestudium in Trier 1998-2002 DaF-Studium (Deutsch als Fremdsprache) in Trier 2001 Erlangen des Magister Artium. Stipendium nach dem Landesgraduiertenf\u00f6rderungsgesetz Rheinland-Pfalz f\u00fcr dieAnfertigung der Dissertationsschrift &#8218;Der&#8230;<\/p>\n","protected":false},"author":1,"featured_media":0,"parent":0,"menu_order":0,"comment_status":"closed","ping_status":"closed","template":"","meta":{"_kad_post_transparent":"","_kad_post_title":"","_kad_post_layout":"","_kad_post_sidebar_id":"","_kad_post_content_style":"","_kad_post_vertical_padding":"","_kad_post_feature":"","_kad_post_feature_position":"","_kad_post_header":false,"_kad_post_footer":false,"footnotes":""},"class_list":["post-26","page","type-page","status-publish","hentry"],"_links":{"self":[{"href":"https:\/\/www.yousefi-interkulturell.de\/index.php?rest_route=\/wp\/v2\/pages\/26","targetHints":{"allow":["GET"]}}],"collection":[{"href":"https:\/\/www.yousefi-interkulturell.de\/index.php?rest_route=\/wp\/v2\/pages"}],"about":[{"href":"https:\/\/www.yousefi-interkulturell.de\/index.php?rest_route=\/wp\/v2\/types\/page"}],"author":[{"embeddable":true,"href":"https:\/\/www.yousefi-interkulturell.de\/index.php?rest_route=\/wp\/v2\/users\/1"}],"replies":[{"embeddable":true,"href":"https:\/\/www.yousefi-interkulturell.de\/index.php?rest_route=%2Fwp%2Fv2%2Fcomments&post=26"}],"version-history":[{"count":10,"href":"https:\/\/www.yousefi-interkulturell.de\/index.php?rest_route=\/wp\/v2\/pages\/26\/revisions"}],"predecessor-version":[{"id":123,"href":"https:\/\/www.yousefi-interkulturell.de\/index.php?rest_route=\/wp\/v2\/pages\/26\/revisions\/123"}],"wp:attachment":[{"href":"https:\/\/www.yousefi-interkulturell.de\/index.php?rest_route=%2Fwp%2Fv2%2Fmedia&parent=26"}],"curies":[{"name":"wp","href":"https:\/\/api.w.org\/{rel}","templated":true}]}}